{"id":749,"date":"2025-12-03T10:11:46","date_gmt":"2025-12-03T02:11:46","guid":{"rendered":"https:\/\/glnat.com\/?page_id=749"},"modified":"2026-01-14T11:12:06","modified_gmt":"2026-01-14T03:12:06","slug":"customer-cases","status":"publish","type":"page","link":"https:\/\/glnat.com\/de\/customer-cases\/","title":{"rendered":"Kundenf\u00e4lle"},"content":{"rendered":"<div data-elementor-type=\"wp-page\" data-elementor-id=\"749\" class=\"elementor elementor-749\" data-elementor-post-type=\"page\">\n\t\t\t\t<div class=\"elementor-element elementor-element-8fdfc3a e-flex e-con-boxed e-con e-parent\" data-id=\"8fdfc3a\" data-element_type=\"container\" data-e-type=\"container\" data-settings=\"{&quot;background_background&quot;:&quot;classic&quot;}\">\n\t\t\t\t\t<div class=\"e-con-inner\">\n\t\t\t\t<div class=\"elementor-element elementor-element-8baa2bf elementor-widget elementor-widget-heading\" data-id=\"8baa2bf\" data-element_type=\"widget\" data-e-type=\"widget\" data-widget_type=\"heading.default\">\n\t\t\t\t<div class=\"elementor-widget-container\">\n\t\t\t\t\t<h2 class=\"elementor-heading-title elementor-size-default\">Kundenf\u00e4lle<\/h2>\t\t\t\t<\/div>\n\t\t\t\t<\/div>\n\t\t\t\t<div class=\"elementor-element elementor-element-6b584ed elementor-icon-list--layout-inline elementor-list-item-link-full_width elementor-widget elementor-widget-icon-list\" data-id=\"6b584ed\" data-element_type=\"widget\" data-e-type=\"widget\" data-widget_type=\"icon-list.default\">\n\t\t\t\t<div class=\"elementor-widget-container\">\n\t\t\t\t\t\t\t<ul class=\"elementor-icon-list-items elementor-inline-items\">\n\t\t\t\t\t\t\t<li class=\"elementor-icon-list-item elementor-inline-item\">\n\t\t\t\t\t\t\t\t\t\t\t<a href=\"https:\/\/glnat.com\/de\">\n\n\t\t\t\t\t\t\t\t\t\t\t<span class=\"elementor-icon-list-text\">Startseite<\/span>\n\t\t\t\t\t\t\t\t\t\t\t<\/a>\n\t\t\t\t\t\t\t\t\t<\/li>\n\t\t\t\t\t\t\t\t<li class=\"elementor-icon-list-item elementor-inline-item\">\n\t\t\t\t\t\t\t\t\t\t\t<span class=\"elementor-icon-list-icon\">\n\t\t\t\t\t\t\t<svg aria-hidden=\"true\" class=\"e-font-icon-svg e-fas-arrow-right\" viewbox=\"0 0 448 512\" xmlns=\"http:\/\/www.w3.org\/2000\/svg\"><path d=\"M190.5 66.9l22.2-22.2c9.4-9.4 24.6-9.4 33.9 0L441 239c9.4 9.4 9.4 24.6 0 33.9L246.6 467.3c-9.4 9.4-24.6 9.4-33.9 0l-22.2-22.2c-9.5-9.5-9.3-25 .4-34.3L311.4 296H24c-13.3 0-24-10.7-24-24v-32c0-13.3 10.7-24 24-24h287.4L190.9 101.2c-9.8-9.3-10-24.8-.4-34.3z\"><\/path><\/svg>\t\t\t\t\t\t<\/span>\n\t\t\t\t\t\t\t\t\t\t<span class=\"elementor-icon-list-text\">Kundenf\u00e4lle<\/span>\n\t\t\t\t\t\t\t\t\t<\/li>\n\t\t\t\t\t\t<\/ul>\n\t\t\t\t\t\t<\/div>\n\t\t\t\t<\/div>\n\t\t\t\t\t<\/div>\n\t\t\t\t<\/div>\n\t\t<div class=\"elementor-element elementor-element-01624d2 e-flex e-con-boxed e-con e-parent\" data-id=\"01624d2\" data-element_type=\"container\" data-e-type=\"container\">\n\t\t\t\t\t<div class=\"e-con-inner\">\n\t\t\t\t<div class=\"elementor-element elementor-element-d54eda2 elementor-widget elementor-widget-heading\" data-id=\"d54eda2\" data-element_type=\"widget\" data-e-type=\"widget\" data-widget_type=\"heading.default\">\n\t\t\t\t<div class=\"elementor-widget-container\">\n\t\t\t\t\t<span class=\"elementor-heading-title elementor-size-default\">Bew\u00e4hrte L\u00f6sungen und Geschichten<\/span>\t\t\t\t<\/div>\n\t\t\t\t<\/div>\n\t\t\t\t<div class=\"elementor-element elementor-element-7cffa35 elementor-widget__width-initial animated-slow elementor-widget-mobile__width-inherit elementor-invisible elementor-widget elementor-widget-heading\" data-id=\"7cffa35\" data-element_type=\"widget\" data-e-type=\"widget\" data-settings=\"{&quot;_animation&quot;:&quot;fadeInUp&quot;}\" data-widget_type=\"heading.default\">\n\t\t\t\t<div class=\"elementor-widget-container\">\n\t\t\t\t\t<h2 class=\"elementor-heading-title elementor-size-default\">Geschichten von Erfolg und Wachstum<\/h2>\t\t\t\t<\/div>\n\t\t\t\t<\/div>\n\t\t\t\t<div class=\"elementor-element elementor-element-aee6240 elementor-widget elementor-widget-shortcode\" data-id=\"aee6240\" data-element_type=\"widget\" data-e-type=\"widget\" data-widget_type=\"shortcode.default\">\n\t\t\t\t<div class=\"elementor-widget-container\">\n\t\t\t\t\t\t\t<div class=\"elementor-shortcode\">\r\n        <style>\r\n            .case-grid { display: grid; gap: 2rem; grid-template-columns: repeat(1, 1fr); }\r\n            @media (min-width: 768px) { .case-grid { grid-template-columns: repeat(2, 1fr); } }\r\n            @media (min-width: 1024px) { .case-grid { grid-template-columns: repeat(3, 1fr); } }\r\n            .case-card { background: #fff; border-radius: 1rem; overflow: hidden; border: 1px solid #f0f0f0; transition: all 0.3s ease; box-shadow: 0 4px 6px -1px rgba(0,0,0,0.1); display: flex; flex-direction: column; }\r\n            .case-card:hover { transform: translateY(-5px); box-shadow: 0 10px 15px -3px rgba(0,0,0,0.1); }\r\n            .case-video-wrapper { width: 100%; background: #000; line-height: 0; aspect-ratio: 16\/9; }\r\n            .case-video-wrapper video { width: 100%; height: 100%; object-fit: cover; display: block; }\r\n            .case-info { padding: 1.5rem; flex-grow: 1; }\r\n            .case-title { font-size: 1.25rem; font-weight: 700; margin-bottom: 0.75rem; color: #1a1a1a; line-height: 1.4; }\r\n            .case-title a { text-decoration: none; color: inherit; transition: color 0.3s ease; }\r\n            .case-title a:hover { color: #1B263B; }\r\n            .case-desc { font-size: 0.95rem; color: #666; line-height: 1.6; display: -webkit-box; -webkit-line-clamp: 3; -webkit-box-orient: vertical; overflow: hidden; }\r\n            .case-pagination { display: flex; justify-content: center; gap: 10px; margin-top: 40px; width: 100%; }\r\n            .case-pagination a, .case-pagination span { padding: 8px 16px; border: 1px solid #ddd; border-radius: 6px; text-decoration: none; color: #333; }\r\n            .case-pagination .current { background: #1B263B; color: #fff; border-color: #1B263B; }\r\n        <\/style><div class=\"case-grid\">\r\n            <div class=\"case-card\">\r\n                <div class=\"case-video-wrapper\">\r\n                    <video controls preload=\"metadata\" >\r\n                        <source src=\"https:\/\/glnat.com\/wp-content\/uploads\/2026\/01\/PaintMaster-Pro-in-Action-Atlanta-Field-1767539354.mp4\" type=\"video\/mp4\">\r\n                    <\/video>\r\n                <\/div>\r\n                <div class=\"case-info\">\r\n                    <h3 class=\"case-title\"><a href=\"https:\/\/glnat.com\/de\/case\/paintmaster-pro-in-action-atlanta-field-session\/\">PaintMaster Pro in Aktion | Atlanta Field Session<\/a><\/h3>\r\n                    <div class=\"case-desc\">Dieses Video wurde in Atlanta w\u00e4hrend einer routinem\u00e4\u00dfigen Spielfeldmarkierung mit PaintMaster Pro gefilmt. Das \u00f6rtliche Team f\u00fchrte seine regul\u00e4ren Spielfeldmarkierungen auf Naturrasen durch, und wir dokumentierten den Prozess, wie er unter realen Bedingungen stattfand. Nichts wurde inszeniert oder angepasst. Das Filmmaterial spiegelt die allt\u00e4glichen Wartungsarbeiten wider und bietet eine unkomplizierte Referenz f\u00fcr alle, die automatische Linienmarkierungswerkzeuge evaluieren m\u00f6chten. Wenn Sie verschiedene Ans\u00e4tze f\u00fcr das Sportrasenmanagement erforschen, bietet dieser Fall einen klaren Blick darauf, wie PaintMaster Pro in den realen Betrieb passt.<\/div>\r\n                <\/div>\r\n            <\/div>\r\n            <div class=\"case-card\">\r\n                <div class=\"case-video-wrapper\">\r\n                    <video controls preload=\"metadata\" >\r\n                        <source src=\"https:\/\/glnat.com\/wp-content\/uploads\/2026\/01\/PaintMaster-Pro-Australian-Summer-Footba-1767539244.mp4\" type=\"video\/mp4\">\r\n                    <\/video>\r\n                <\/div>\r\n                <div class=\"case-info\">\r\n                    <h3 class=\"case-title\"><a href=\"https:\/\/glnat.com\/de\/case\/paintmaster-pro-australian-summer-football-pitch\/\">PaintMaster\u2122 Pro | Australisches Sommer-Fu\u00dfballspielfeld<\/a><\/h3>\r\n                    <div class=\"case-desc\">Gefilmt auf einem echten Fu\u00dfballfeld in Australien \ud83c\udde6\ud83c\uddfa Linienmarkierung im australischen Sommer bedeutet gro\u00dfe Hitze und enge Zeitpl\u00e4ne. Dieses Video zeigt PaintMaster\u2122 Pro in einer realen Arbeitsumgebung bei der Fertigstellung eines Fu\u00dfballfeldes als Teil des normalen Betriebs. Saubere, konsistente Ergebnisse, ohne das Team auszubremsen. Reale Bedingungen bleiben der beste Beweis.<\/div>\r\n                <\/div>\r\n            <\/div>\r\n            <div class=\"case-card\">\r\n                <div class=\"case-video-wrapper\">\r\n                    <video controls preload=\"metadata\" >\r\n                        <source src=\"https:\/\/glnat.com\/wp-content\/uploads\/2026\/01\/FV2000-Robot-Mower-RTK-Mowing-Smart-1767539063.mp4\" type=\"video\/mp4\">\r\n                    <\/video>\r\n                <\/div>\r\n                <div class=\"case-info\">\r\n                    <h3 class=\"case-title\"><a href=\"https:\/\/glnat.com\/de\/case\/fv2000-robot-mower-rtk-mowing-smart-obstacle-detection\/\">FV2000 M\u00e4hroboter | RTK-M\u00e4hen - Intelligente Hinderniserkennung<\/a><\/h3>\r\n                    <div class=\"case-desc\">Lernen Sie den FV2000 kennen, der f\u00fcr M\u00e4harbeiten in der Praxis entwickelt wurde, bei denen es auf Pr\u00e4zision und Aufmerksamkeit ankommt. Mit fortschrittlicher RTK-Positionierung und einem leistungsstarken Dual-Kamera-Vision-System bietet er eine stabile Navigation auch unter B\u00e4umen und reagiert schnell auf kleine Hindernisse - einschlie\u00dflich Haustiere und Wildtiere. Der FV2000 passt sich m\u00fchelos an G\u00e4rten, Hinterh\u00f6fe und Parks an und bietet: - Fortgeschrittene RTK-Stabilit\u00e4t f\u00fcr schattige oder schwierige Bereiche - Schnelle Hindernisvermeidung mit RGB + Stereo-Vision - Intelligente Grenzerkennung f\u00fcr saubereres, genaueres M\u00e4hen - Optionaler Vision-Only-M\u00e4halgorithmus f\u00fcr flexiblen Betrieb Intelligent, pr\u00e4zise und bereit f\u00fcr die t\u00e4gliche Rasenpflege.<\/div>\r\n                <\/div>\r\n            <\/div>\r\n            <div class=\"case-card\">\r\n                <div class=\"case-video-wrapper\">\r\n                    <video controls preload=\"metadata\" >\r\n                        <source src=\"https:\/\/glnat.com\/wp-content\/uploads\/2026\/01\/YTDown.com_YouTube_Real-Experience-from-Austria-Why-Users-C_Media_M8WzNqQfsZ8_002_720p-1767538644.mp4\" type=\"video\/mp4\">\r\n                    <\/video>\r\n                <\/div>\r\n                <div class=\"case-info\">\r\n                    <h3 class=\"case-title\"><a href=\"https:\/\/glnat.com\/de\/case\/real-experience-from-austria-why-users-choose-the-paintmaster-mini\/\">Echte Erfahrungen aus \u00d6sterreich: Warum sich Anwender f\u00fcr den PaintMaster Mini entscheiden<\/a><\/h3>\r\n                    <div class=\"case-desc\">In ganz Europa suchen viele Fu\u00dfballteams nach M\u00f6glichkeiten, die Platzpflege zu verbessern, ohne den Zeit- und Arbeitsaufwand zu erh\u00f6hen. In unserem heutigen Video fangen wir die Erfahrungen eines \u00f6sterreichischen Fu\u00dfballveranstalters ein, der regelm\u00e4\u00dfig mit dem PaintMaster Mini arbeitet. Er spricht dar\u00fcber, worauf es bei der Spieltagsvorbereitung wirklich ankommt: - gleichbleibende und saubere Linienqualit\u00e4t - eine Maschine, die f\u00fcr Freiwillige einfach zu bedienen ist - reduzierte Markierungszeit - zuverl\u00e4ssige Leistung Woche f\u00fcr Woche Dieser Erfahrungsbericht gibt einen ehrlichen Einblick, wie der PaintMaster Mini in die t\u00e4gliche Routine eines typischen Fu\u00dfballvereins in \u00d6sterreich passt und warum er bei den lokalen Anwendern weiterhin Vertrauen genie\u00dft.<\/div>\r\n                <\/div>\r\n            <\/div>\r\n            <div class=\"case-card\">\r\n                <div class=\"case-video-wrapper\">\r\n                    <video controls preload=\"metadata\" >\r\n                        <source src=\"https:\/\/glnat.com\/wp-content\/uploads\/2026\/01\/YTDown.com_YouTube_PaintMaster-Mini-in-Action-Fast-Lines-1767538535.mp4\" type=\"video\/mp4\">\r\n                    <\/video>\r\n                <\/div>\r\n                <div class=\"case-info\">\r\n                    <h3 class=\"case-title\"><a href=\"https:\/\/glnat.com\/de\/case\/paintmaster-mini-in-action-fast-lines-for-a-fast-city\/\">PaintMaster Mini in Aktion: Schnelle Linien f\u00fcr eine schnelle Stadt<\/a><\/h3>\r\n                    <div class=\"case-desc\">Die Sportpl\u00e4tze in Hongkong stehen unter Zeitdruck, genau wie in anderen Gro\u00dfst\u00e4dten der Welt. Hier bringt die autonome Linienmarkierung echte Effizienz. Mit RTK in Industriequalit\u00e4t wird jede Linie selbst in dichten Stadtgebieten zentimetergenau platziert. Ein handgef\u00fchrter Punktmarkierer erstellt Karten in Minutenschnelle, ohne dass der Roboter an verschiedenen Orten eingesetzt werden muss. Die KI-gesteuerte Markierung spart \u00fcber 90 Prozent der Arbeitskosten und reduziert den Farbverbrauch um mehr als die H\u00e4lfte. Eine Akkuladung reicht f\u00fcr ein komplettes 11v11-Fu\u00dfballfeld, und durch schnelles Auswechseln der Batterien kann der Roboter den ganzen Tag lang arbeiten. Pr\u00e4zision, Geschwindigkeit und Konsistenz. Das ist moderne Linienmarkierung f\u00fcr eine sich schnell bewegende Stadt.<\/div>\r\n                <\/div>\r\n            <\/div>\r\n            <div class=\"case-card\">\r\n                <div class=\"case-video-wrapper\">\r\n                    <video controls preload=\"metadata\" >\r\n                        <source src=\"https:\/\/glnat.com\/wp-content\/uploads\/2026\/01\/PaintMaster\u2122-Mini-Marken-ein-11V11-Fu\u00dfballspiel-FJDynamics-1767538416.mp4\" type=\"video\/mp4\">\r\n                    <\/video>\r\n                <\/div>\r\n                <div class=\"case-info\">\r\n                    <h3 class=\"case-title\"><a href=\"https:\/\/glnat.com\/de\/case\/paintmaster-mini-marks-a-11v11-football-pitch\/\">PaintMaster\u2122 Mini markiert ein 11V11-Fu\u00dfballfeld<\/a><\/h3>\r\n                    <div class=\"case-desc\">Der PaintMaster\u2122 Mini beweist, dass Gr\u00f6\u00dfe keine Einschr\u00e4nkung ist. Mit einer einzigen vollen Ladung kann er ein komplettes 11v11-Fu\u00dfballfeld markieren, von den Seitenlinien bis zum Mittelkreis, und liefert saubere und konsistente Ergebnisse in einem einzigen Durchgang. Der kompakte Formfaktor ist auf Effizienz und Benutzerfreundlichkeit ausgelegt und eignet sich hervorragend f\u00fcr Schulen, Trainingspl\u00e4tze und kommunale Sporteinrichtungen, die eine professionelle Markierung mit minimalem Aufwand ben\u00f6tigen.<\/div>\r\n                <\/div>\r\n            <\/div><\/div><\/div>\n\t\t\t\t\t\t<\/div>\n\t\t\t\t<\/div>\n\t\t\t\t\t<\/div>\n\t\t\t\t<\/div>\n\t\t\t\t<\/div>","protected":false},"excerpt":{"rendered":"<p>Customer Cases Home Customer Cases Proven Solutions &amp; Stories Stories of Success &amp; Growth<\/p>","protected":false},"author":1,"featured_media":0,"parent":0,"menu_order":0,"comment_status":"closed","ping_status":"closed","template":"elementor_header_footer","meta":{"_acf_changed":false,"footnotes":""},"class_list":["post-749","page","type-page","status-publish","hentry"],"acf":[],"_links":{"self":[{"href":"https:\/\/glnat.com\/de\/wp-json\/wp\/v2\/pages\/749","targetHints":{"allow":["GET"]}}],"collection":[{"href":"https:\/\/glnat.com\/de\/wp-json\/wp\/v2\/pages"}],"about":[{"href":"https:\/\/glnat.com\/de\/wp-json\/wp\/v2\/types\/page"}],"author":[{"embeddable":true,"href":"https:\/\/glnat.com\/de\/wp-json\/wp\/v2\/users\/1"}],"replies":[{"embeddable":true,"href":"https:\/\/glnat.com\/de\/wp-json\/wp\/v2\/comments?post=749"}],"version-history":[{"count":31,"href":"https:\/\/glnat.com\/de\/wp-json\/wp\/v2\/pages\/749\/revisions"}],"predecessor-version":[{"id":3755,"href":"https:\/\/glnat.com\/de\/wp-json\/wp\/v2\/pages\/749\/revisions\/3755"}],"wp:attachment":[{"href":"https:\/\/glnat.com\/de\/wp-json\/wp\/v2\/media?parent=749"}],"curies":[{"name":"wp","href":"https:\/\/api.w.org\/{rel}","templated":true}]}}