{"id":2486,"date":"2025-11-04T01:14:19","date_gmt":"2025-11-03T17:14:19","guid":{"rendered":"https:\/\/glnat.com\/?page_id=2486"},"modified":"2026-01-04T01:17:50","modified_gmt":"2026-01-03T17:17:50","slug":"privacy-policy","status":"publish","type":"page","link":"https:\/\/glnat.com\/es\/privacy-policy\/","title":{"rendered":"Pol\u00edtica de privacidad"},"content":{"rendered":"<div data-elementor-type=\"wp-page\" data-elementor-id=\"2486\" class=\"elementor elementor-2486\" data-elementor-post-type=\"page\">\n\t\t\t\t<div class=\"elementor-element elementor-element-df9faff e-flex e-con-boxed e-con e-parent\" data-id=\"df9faff\" data-element_type=\"container\" data-e-type=\"container\" data-settings=\"{&quot;background_background&quot;:&quot;classic&quot;}\">\n\t\t\t\t\t<div class=\"e-con-inner\">\n\t\t\t\t<div class=\"elementor-element elementor-element-3c6950d elementor-widget elementor-widget-heading\" data-id=\"3c6950d\" data-element_type=\"widget\" data-e-type=\"widget\" data-widget_type=\"heading.default\">\n\t\t\t\t<div class=\"elementor-widget-container\">\n\t\t\t\t\t<h2 class=\"elementor-heading-title elementor-size-default\">Pol\u00edtica de privacidad<\/h2>\t\t\t\t<\/div>\n\t\t\t\t<\/div>\n\t\t\t\t<div class=\"elementor-element elementor-element-061eefc elementor-icon-list--layout-inline elementor-list-item-link-full_width elementor-widget elementor-widget-icon-list\" data-id=\"061eefc\" data-element_type=\"widget\" data-e-type=\"widget\" data-widget_type=\"icon-list.default\">\n\t\t\t\t<div class=\"elementor-widget-container\">\n\t\t\t\t\t\t\t<ul class=\"elementor-icon-list-items elementor-inline-items\">\n\t\t\t\t\t\t\t<li class=\"elementor-icon-list-item elementor-inline-item\">\n\t\t\t\t\t\t\t\t\t\t\t<a href=\"https:\/\/glnat.com\/es\">\n\n\t\t\t\t\t\t\t\t\t\t\t<span class=\"elementor-icon-list-text\">Inicio<\/span>\n\t\t\t\t\t\t\t\t\t\t\t<\/a>\n\t\t\t\t\t\t\t\t\t<\/li>\n\t\t\t\t\t\t\t\t<li class=\"elementor-icon-list-item elementor-inline-item\">\n\t\t\t\t\t\t\t\t\t\t\t<span class=\"elementor-icon-list-icon\">\n\t\t\t\t\t\t\t<svg aria-hidden=\"true\" class=\"e-font-icon-svg e-fas-arrow-right\" viewbox=\"0 0 448 512\" xmlns=\"http:\/\/www.w3.org\/2000\/svg\"><path d=\"M190.5 66.9l22.2-22.2c9.4-9.4 24.6-9.4 33.9 0L441 239c9.4 9.4 9.4 24.6 0 33.9L246.6 467.3c-9.4 9.4-24.6 9.4-33.9 0l-22.2-22.2c-9.5-9.5-9.3-25 .4-34.3L311.4 296H24c-13.3 0-24-10.7-24-24v-32c0-13.3 10.7-24 24-24h287.4L190.9 101.2c-9.8-9.3-10-24.8-.4-34.3z\"><\/path><\/svg>\t\t\t\t\t\t<\/span>\n\t\t\t\t\t\t\t\t\t\t<span class=\"elementor-icon-list-text\">Pol\u00edtica de privacidad<\/span>\n\t\t\t\t\t\t\t\t\t<\/li>\n\t\t\t\t\t\t<\/ul>\n\t\t\t\t\t\t<\/div>\n\t\t\t\t<\/div>\n\t\t\t\t\t<\/div>\n\t\t\t\t<\/div>\n\t\t<div class=\"elementor-element elementor-element-6c718c5 e-flex e-con-boxed e-con e-parent\" data-id=\"6c718c5\" data-element_type=\"container\" data-e-type=\"container\">\n\t\t\t\t\t<div class=\"e-con-inner\">\n\t\t\t\t<div class=\"elementor-element elementor-element-f718d86 elementor-widget elementor-widget-text-editor\" data-id=\"f718d86\" data-element_type=\"widget\" data-e-type=\"widget\" data-widget_type=\"text-editor.default\">\n\t\t\t\t<div class=\"elementor-widget-container\">\n\t\t\t\t\t\t\t\t\t<p>En GL NEXUS, accesible desde glnat.com, una de nuestras principales prioridades es la privacidad de nuestros visitantes. Este documento de pol\u00edtica de privacidad contiene los tipos de informaci\u00f3n que recoge y registra GL NEXUS y c\u00f3mo la utilizamos.<\/p><p>Si tiene m\u00e1s preguntas o necesita m\u00e1s informaci\u00f3n sobre nuestra Pol\u00edtica de Privacidad, no dude en ponerse en contacto con nosotros.<\/p><p>Esta pol\u00edtica de privacidad se aplica \u00fanicamente a nuestras actividades en l\u00ednea y es v\u00e1lida para los visitantes de nuestro sitio web en lo que respecta a la informaci\u00f3n que compartieron y\/o recogieron en GL NEXUS. Esta pol\u00edtica no es aplicable a ninguna informaci\u00f3n recogida fuera de l\u00ednea o a trav\u00e9s de canales distintos de este sitio web. Nuestra Pol\u00edtica de Privacidad fue creada con la ayuda del Generador Gratuito de Pol\u00edticas de Privacidad.<\/p><p>Consentimiento<\/p><p>Al utilizar nuestro sitio web, usted acepta nuestra Pol\u00edtica de privacidad y est\u00e1 de acuerdo con sus t\u00e9rminos.<\/p><p>Informaci\u00f3n que recopilamos<\/p><p>La informaci\u00f3n personal que se le pide y las razones por las que se le pide se le explicar\u00e1n claramente en el momento en que le pidamos que proporcione su informaci\u00f3n personal.<\/p><p>Si se pone en contacto con nosotros directamente, podemos recibir informaci\u00f3n adicional sobre usted, como su nombre, direcci\u00f3n de correo electr\u00f3nico, n\u00famero de tel\u00e9fono, el contenido del mensaje y\/o los archivos adjuntos que nos env\u00ede y cualquier otra informaci\u00f3n que decida facilitarnos.<\/p><p>Cuando se registra para obtener una Cuenta, podemos pedirle su informaci\u00f3n de contacto, incluidos datos como el nombre, el nombre de la empresa, la direcci\u00f3n, la direcci\u00f3n de correo electr\u00f3nico y el n\u00famero de tel\u00e9fono.<\/p><p>C\u00f3mo utilizamos su informaci\u00f3n<\/p><p>Utilizamos la informaci\u00f3n que recopilamos de varias formas, entre ellas para:<br \/>- Proporcionar, operar y mantener nuestro sitio web<br \/>- Mejorar, personalizar y ampliar nuestro sitio web<br \/>- Comprender y analizar c\u00f3mo utiliza nuestro sitio web<br \/>- Desarrollar nuevos productos, servicios, caracter\u00edsticas y funcionalidades<br \/>- Comunicarnos con usted, ya sea directamente o a trav\u00e9s de uno de nuestros socios, por ejemplo con fines de atenci\u00f3n al cliente, para proporcionarle actualizaciones y otra informaci\u00f3n relacionada con el sitio web, y con fines promocionales y de marketing.<br \/>- Enviarle correos electr\u00f3nicos<br \/>- Detectar y prevenir el fraude<\/p><p>Archivos de registro<\/p><p>GL NEXUS sigue un procedimiento est\u00e1ndar de utilizaci\u00f3n de archivos de registro. Estos archivos registran a los visitantes cuando visitan los sitios web. Todas las empresas de alojamiento lo hacen y forman parte de los an\u00e1lisis de los servicios de alojamiento. La informaci\u00f3n recogida por los archivos de registro incluye direcciones de protocolo de Internet (IP), tipo de navegador, proveedor de servicios de Internet (ISP), sello de fecha y hora, p\u00e1ginas de referencia\/salida y, posiblemente, el n\u00famero de clics. Estos datos no est\u00e1n vinculados a ninguna informaci\u00f3n que permita la identificaci\u00f3n personal. El prop\u00f3sito de la informaci\u00f3n es analizar tendencias, administrar el sitio, rastrear los movimientos de los usuarios en el sitio web y recopilar informaci\u00f3n demogr\u00e1fica.<\/p><p>Cookies y balizas web<\/p><p>Como cualquier otro sitio web, GL NEXUS utiliza \u2018cookies\u2019. Estas cookies se utilizan para almacenar informaci\u00f3n, incluidas las preferencias de los visitantes y las p\u00e1ginas del sitio web a las que el visitante accedi\u00f3 o visit\u00f3. La informaci\u00f3n se utiliza para optimizar la experiencia de los usuarios personalizando el contenido de nuestra p\u00e1gina web en funci\u00f3n del tipo de navegador de los visitantes y\/u otra informaci\u00f3n.<\/p><p>Para obtener m\u00e1s informaci\u00f3n general sobre las cookies, lea el art\u00edculo sobre cookies en el sitio web de Pol\u00edtica de privacidad de Generate.<\/p><p>Nuestros socios publicitarios<\/p><p>Algunos de los anunciantes de nuestro sitio pueden utilizar cookies y balizas web. A continuaci\u00f3n se enumeran nuestros socios publicitarios. Cada uno de nuestros socios publicitarios tiene su propia Pol\u00edtica de Privacidad para sus pol\u00edticas sobre los datos del usuario. Para facilitar el acceso, a continuaci\u00f3n incluimos un hiperv\u00ednculo a sus Pol\u00edticas de Privacidad.<\/p><ul><li><a href=\"https:\/\/policies.google.com\/technologies\/ads\" rel=\"nofollow noopener\" target=\"_blank\">Google<\/a><\/li><\/ul><p>Socios publicitarios Pol\u00edticas de privacidad<\/p><p>Puede consultar esta lista para encontrar la Pol\u00edtica de Privacidad de cada uno de los socios publicitarios de GL NEXUS.<\/p><p>Los servidores o redes publicitarias de terceros utilizan tecnolog\u00edas como cookies, JavaScript o Web Beacons que se emplean en sus respectivos anuncios y enlaces que aparecen en GL NEXUS, y que se env\u00edan directamente al navegador de los usuarios. Cuando esto ocurre, reciben autom\u00e1ticamente su direcci\u00f3n IP. Estas tecnolog\u00edas se utilizan para medir la eficacia de sus campa\u00f1as publicitarias y\/o personalizar el contenido publicitario que usted ve en los sitios web que visita.<\/p><p>Tenga en cuenta que GL NEXUS no tiene acceso ni control sobre estas cookies utilizadas por terceros anunciantes.<\/p><p>Pol\u00edticas de privacidad de terceros<\/p><p>La Pol\u00edtica de Privacidad de GL NEXUS no se aplica a otros anunciantes o sitios web. Por lo tanto, le aconsejamos que consulte las respectivas Pol\u00edticas de Privacidad de estos servidores de anuncios de terceros para obtener informaci\u00f3n m\u00e1s detallada. Puede incluir sus pr\u00e1cticas e instrucciones sobre c\u00f3mo optar por no participar en determinadas opciones.<\/p><p>Puede optar por desactivar las cookies a trav\u00e9s de las opciones individuales de su navegador. Para conocer informaci\u00f3n m\u00e1s detallada sobre la gesti\u00f3n de cookies con navegadores web espec\u00edficos, puede consultarse en los sitios web respectivos de los navegadores.<\/p><p>Derechos de privacidad CCPA (No vender mi informaci\u00f3n personal)<\/p><p>En virtud de la CCPA, entre otros derechos, los consumidores de California tienen derecho a:<br \/>Solicitar que una empresa que recopila datos personales de un consumidor revele las categor\u00edas y los datos personales espec\u00edficos que ha recopilado sobre los consumidores.<br \/>Solicitar que una empresa elimine cualquier dato personal sobre el consumidor que haya recopilado.<\/p><p>Solicitar que una empresa que vende datos personales de un consumidor, no venda los datos personales del consumidor.<\/p><p>Si realiza una solicitud, disponemos de un mes para responderle. Si desea ejercer alguno de estos derechos, p\u00f3ngase en contacto con nosotros.<\/p><p>Derechos de protecci\u00f3n de datos GDPR<\/p><p>Queremos asegurarnos de que conoce todos sus derechos en materia de protecci\u00f3n de datos. Todo usuario tiene derecho a lo siguiente:<\/p><p>Derecho de acceso - Tiene derecho a solicitar copias de sus datos personales. Es posible que le cobremos una peque\u00f1a cantidad por este servicio.<\/p><p>Derecho de rectificaci\u00f3n - Tiene derecho a solicitar que corrijamos cualquier informaci\u00f3n que considere inexacta. Tambi\u00e9n tiene derecho a solicitar que completemos la informaci\u00f3n que considere incompleta.<\/p><p>Derecho de supresi\u00f3n - Tiene derecho a solicitar que borremos sus datos personales, en determinadas condiciones.<\/p><p>Derecho a restringir el tratamiento - Tiene derecho a solicitar que restrinjamos el tratamiento de sus datos personales, en determinadas condiciones.<\/p><p>Derecho a oponerse al tratamiento - Usted tiene derecho a oponerse al tratamiento de sus datos personales por nuestra parte, en determinadas condiciones.<\/p><p>Derecho a la portabilidad de los datos - Tiene derecho a solicitar que transfiramos los datos que hemos recopilado a otra organizaci\u00f3n, o directamente a usted, en determinadas condiciones.<br \/>Si realiza una solicitud, disponemos de un mes para responderle. Si desea ejercer alguno de estos derechos, p\u00f3ngase en contacto con nosotros.<\/p><p>Informaci\u00f3n infantil<\/p><p>Otra parte de nuestra prioridad es a\u00f1adir protecci\u00f3n para los ni\u00f1os mientras usan internet. Animamos a padres y tutores a que observen, participen y\/o supervisen y gu\u00eden su actividad en l\u00ednea.<\/p><p>GL NEXUS no recopila a sabiendas ning\u00fan tipo de informaci\u00f3n personal identificable de ni\u00f1os menores de 13 a\u00f1os. Si cree que su hijo proporcion\u00f3 este tipo de informaci\u00f3n en nuestro sitio web, le recomendamos encarecidamente que se ponga en contacto con nosotros inmediatamente y haremos todo lo posible por eliminar r\u00e1pidamente dicha informaci\u00f3n de nuestros registros.<\/p><p>\u00a0<\/p>\t\t\t\t\t\t\t\t<\/div>\n\t\t\t\t<\/div>\n\t\t\t\t\t<\/div>\n\t\t\t\t<\/div>\n\t\t\t\t<\/div>","protected":false},"excerpt":{"rendered":"<p>Privacy Policy Home Privacy Policy At GL NEXUS, accessible from glnat.com, one of our main priorities is the privacy of our visitors. This Privacy Policy document contains types of information that is collected and recorded by GL NEXUS and how we use it. If you have additional questions or require more information about our Privacy [&hellip;]<\/p>\n","protected":false},"author":1,"featured_media":0,"parent":0,"menu_order":0,"comment_status":"closed","ping_status":"closed","template":"elementor_header_footer","meta":{"_acf_changed":false,"footnotes":""},"class_list":["post-2486","page","type-page","status-publish","hentry"],"acf":[],"_links":{"self":[{"href":"https:\/\/glnat.com\/es\/wp-json\/wp\/v2\/pages\/2486","targetHints":{"allow":["GET"]}}],"collection":[{"href":"https:\/\/glnat.com\/es\/wp-json\/wp\/v2\/pages"}],"about":[{"href":"https:\/\/glnat.com\/es\/wp-json\/wp\/v2\/types\/page"}],"author":[{"embeddable":true,"href":"https:\/\/glnat.com\/es\/wp-json\/wp\/v2\/users\/1"}],"replies":[{"embeddable":true,"href":"https:\/\/glnat.com\/es\/wp-json\/wp\/v2\/comments?post=2486"}],"version-history":[{"count":4,"href":"https:\/\/glnat.com\/es\/wp-json\/wp\/v2\/pages\/2486\/revisions"}],"predecessor-version":[{"id":2495,"href":"https:\/\/glnat.com\/es\/wp-json\/wp\/v2\/pages\/2486\/revisions\/2495"}],"wp:attachment":[{"href":"https:\/\/glnat.com\/es\/wp-json\/wp\/v2\/media?parent=2486"}],"curies":[{"name":"wp","href":"https:\/\/api.w.org\/{rel}","templated":true}]}}