{"id":749,"date":"2025-12-03T10:11:46","date_gmt":"2025-12-03T02:11:46","guid":{"rendered":"https:\/\/glnat.com\/?page_id=749"},"modified":"2026-01-14T11:12:06","modified_gmt":"2026-01-14T03:12:06","slug":"customer-cases","status":"publish","type":"page","link":"https:\/\/glnat.com\/es\/customer-cases\/","title":{"rendered":"Casos de clientes"},"content":{"rendered":"<div data-elementor-type=\"wp-page\" data-elementor-id=\"749\" class=\"elementor elementor-749\" data-elementor-post-type=\"page\">\n\t\t\t\t<div class=\"elementor-element elementor-element-8fdfc3a e-flex e-con-boxed e-con e-parent\" data-id=\"8fdfc3a\" data-element_type=\"container\" data-e-type=\"container\" data-settings=\"{&quot;background_background&quot;:&quot;classic&quot;}\">\n\t\t\t\t\t<div class=\"e-con-inner\">\n\t\t\t\t<div class=\"elementor-element elementor-element-8baa2bf elementor-widget elementor-widget-heading\" data-id=\"8baa2bf\" data-element_type=\"widget\" data-e-type=\"widget\" data-widget_type=\"heading.default\">\n\t\t\t\t<div class=\"elementor-widget-container\">\n\t\t\t\t\t<h2 class=\"elementor-heading-title elementor-size-default\">Casos de clientes<\/h2>\t\t\t\t<\/div>\n\t\t\t\t<\/div>\n\t\t\t\t<div class=\"elementor-element elementor-element-6b584ed elementor-icon-list--layout-inline elementor-list-item-link-full_width elementor-widget elementor-widget-icon-list\" data-id=\"6b584ed\" data-element_type=\"widget\" data-e-type=\"widget\" data-widget_type=\"icon-list.default\">\n\t\t\t\t<div class=\"elementor-widget-container\">\n\t\t\t\t\t\t\t<ul class=\"elementor-icon-list-items elementor-inline-items\">\n\t\t\t\t\t\t\t<li class=\"elementor-icon-list-item elementor-inline-item\">\n\t\t\t\t\t\t\t\t\t\t\t<a href=\"https:\/\/glnat.com\/es\">\n\n\t\t\t\t\t\t\t\t\t\t\t<span class=\"elementor-icon-list-text\">Inicio<\/span>\n\t\t\t\t\t\t\t\t\t\t\t<\/a>\n\t\t\t\t\t\t\t\t\t<\/li>\n\t\t\t\t\t\t\t\t<li class=\"elementor-icon-list-item elementor-inline-item\">\n\t\t\t\t\t\t\t\t\t\t\t<span class=\"elementor-icon-list-icon\">\n\t\t\t\t\t\t\t<svg aria-hidden=\"true\" class=\"e-font-icon-svg e-fas-arrow-right\" viewbox=\"0 0 448 512\" xmlns=\"http:\/\/www.w3.org\/2000\/svg\"><path d=\"M190.5 66.9l22.2-22.2c9.4-9.4 24.6-9.4 33.9 0L441 239c9.4 9.4 9.4 24.6 0 33.9L246.6 467.3c-9.4 9.4-24.6 9.4-33.9 0l-22.2-22.2c-9.5-9.5-9.3-25 .4-34.3L311.4 296H24c-13.3 0-24-10.7-24-24v-32c0-13.3 10.7-24 24-24h287.4L190.9 101.2c-9.8-9.3-10-24.8-.4-34.3z\"><\/path><\/svg>\t\t\t\t\t\t<\/span>\n\t\t\t\t\t\t\t\t\t\t<span class=\"elementor-icon-list-text\">Casos de clientes<\/span>\n\t\t\t\t\t\t\t\t\t<\/li>\n\t\t\t\t\t\t<\/ul>\n\t\t\t\t\t\t<\/div>\n\t\t\t\t<\/div>\n\t\t\t\t\t<\/div>\n\t\t\t\t<\/div>\n\t\t<div class=\"elementor-element elementor-element-01624d2 e-flex e-con-boxed e-con e-parent\" data-id=\"01624d2\" data-element_type=\"container\" data-e-type=\"container\">\n\t\t\t\t\t<div class=\"e-con-inner\">\n\t\t\t\t<div class=\"elementor-element elementor-element-d54eda2 elementor-widget elementor-widget-heading\" data-id=\"d54eda2\" data-element_type=\"widget\" data-e-type=\"widget\" data-widget_type=\"heading.default\">\n\t\t\t\t<div class=\"elementor-widget-container\">\n\t\t\t\t\t<span class=\"elementor-heading-title elementor-size-default\">Soluciones e historias probadas<\/span>\t\t\t\t<\/div>\n\t\t\t\t<\/div>\n\t\t\t\t<div class=\"elementor-element elementor-element-7cffa35 elementor-widget__width-initial animated-slow elementor-widget-mobile__width-inherit elementor-invisible elementor-widget elementor-widget-heading\" data-id=\"7cffa35\" data-element_type=\"widget\" data-e-type=\"widget\" data-settings=\"{&quot;_animation&quot;:&quot;fadeInUp&quot;}\" data-widget_type=\"heading.default\">\n\t\t\t\t<div class=\"elementor-widget-container\">\n\t\t\t\t\t<h2 class=\"elementor-heading-title elementor-size-default\">Historias de \u00e9xito y crecimiento<\/h2>\t\t\t\t<\/div>\n\t\t\t\t<\/div>\n\t\t\t\t<div class=\"elementor-element elementor-element-aee6240 elementor-widget elementor-widget-shortcode\" data-id=\"aee6240\" data-element_type=\"widget\" data-e-type=\"widget\" data-widget_type=\"shortcode.default\">\n\t\t\t\t<div class=\"elementor-widget-container\">\n\t\t\t\t\t\t\t<div class=\"elementor-shortcode\">\r\n        <style>\r\n            .case-grid { display: grid; gap: 2rem; grid-template-columns: repeat(1, 1fr); }\r\n            @media (min-width: 768px) { .case-grid { grid-template-columns: repeat(2, 1fr); } }\r\n            @media (min-width: 1024px) { .case-grid { grid-template-columns: repeat(3, 1fr); } }\r\n            .case-card { background: #fff; border-radius: 1rem; overflow: hidden; border: 1px solid #f0f0f0; transition: all 0.3s ease; box-shadow: 0 4px 6px -1px rgba(0,0,0,0.1); display: flex; flex-direction: column; }\r\n            .case-card:hover { transform: translateY(-5px); box-shadow: 0 10px 15px -3px rgba(0,0,0,0.1); }\r\n            .case-video-wrapper { width: 100%; background: #000; line-height: 0; aspect-ratio: 16\/9; }\r\n            .case-video-wrapper video { width: 100%; height: 100%; object-fit: cover; display: block; }\r\n            .case-info { padding: 1.5rem; flex-grow: 1; }\r\n            .case-title { font-size: 1.25rem; font-weight: 700; margin-bottom: 0.75rem; color: #1a1a1a; line-height: 1.4; }\r\n            .case-title a { text-decoration: none; color: inherit; transition: color 0.3s ease; }\r\n            .case-title a:hover { color: #1B263B; }\r\n            .case-desc { font-size: 0.95rem; color: #666; line-height: 1.6; display: -webkit-box; -webkit-line-clamp: 3; -webkit-box-orient: vertical; overflow: hidden; }\r\n            .case-pagination { display: flex; justify-content: center; gap: 10px; margin-top: 40px; width: 100%; }\r\n            .case-pagination a, .case-pagination span { padding: 8px 16px; border: 1px solid #ddd; border-radius: 6px; text-decoration: none; color: #333; }\r\n            .case-pagination .current { background: #1B263B; color: #fff; border-color: #1B263B; }\r\n        <\/style><div class=\"case-grid\">\r\n            <div class=\"case-card\">\r\n                <div class=\"case-video-wrapper\">\r\n                    <video controls preload=\"metadata\" >\r\n                        <source src=\"https:\/\/glnat.com\/wp-content\/uploads\/2026\/01\/PaintMaster-Pro-in-Action-Atlanta-Field-1767539354.mp4\" type=\"video\/mp4\">\r\n                    <\/video>\r\n                <\/div>\r\n                <div class=\"case-info\">\r\n                    <h3 class=\"case-title\"><a href=\"https:\/\/glnat.com\/es\/case\/paintmaster-pro-in-action-atlanta-field-session\/\">PaintMaster Pro en acci\u00f3n | Sesi\u00f3n de campo en Atlanta<\/a><\/h3>\r\n                    <div class=\"case-desc\">Este v\u00eddeo se grab\u00f3 en Atlanta durante una sesi\u00f3n rutinaria de marcaje de campos con PaintMaster Pro. El equipo local complet\u00f3 sus l\u00edneas de campo habituales sobre c\u00e9sped natural, y documentamos el proceso tal y como sucedi\u00f3 en condiciones reales. Nada escenificado ni ajustado. Las im\u00e1genes reflejan el trabajo diario de mantenimiento y ofrecen una referencia directa para cualquiera que est\u00e9 evaluando herramientas automatizadas de trazado de l\u00edneas. Si est\u00e1 explorando diferentes enfoques para la gesti\u00f3n del c\u00e9sped deportivo, este caso proporciona una visi\u00f3n clara de c\u00f3mo PaintMaster Pro encaja en las operaciones del mundo real.<\/div>\r\n                <\/div>\r\n            <\/div>\r\n            <div class=\"case-card\">\r\n                <div class=\"case-video-wrapper\">\r\n                    <video controls preload=\"metadata\" >\r\n                        <source src=\"https:\/\/glnat.com\/wp-content\/uploads\/2026\/01\/PaintMaster-Pro-Australian-Summer-Footba-1767539244.mp4\" type=\"video\/mp4\">\r\n                    <\/video>\r\n                <\/div>\r\n                <div class=\"case-info\">\r\n                    <h3 class=\"case-title\"><a href=\"https:\/\/glnat.com\/es\/case\/paintmaster-pro-australian-summer-football-pitch\/\">PaintMaster\u2122 Pro | Campo de f\u00fatbol australiano de verano<\/a><\/h3>\r\n                    <div class=\"case-desc\">Filmado en un campo de f\u00fatbol real en Australia \ud83c\udde6\ud83c\uddfa El marcaje de l\u00edneas durante el verano australiano significa mucho calor y horarios ajustados. Este v\u00eddeo muestra PaintMaster\u2122 Pro en un entorno de trabajo real, completando un campo de f\u00fatbol como parte de las operaciones normales. Resultados limpios y consistentes sin ralentizar al equipo. Las condiciones reales siguen siendo la mejor prueba.<\/div>\r\n                <\/div>\r\n            <\/div>\r\n            <div class=\"case-card\">\r\n                <div class=\"case-video-wrapper\">\r\n                    <video controls preload=\"metadata\" >\r\n                        <source src=\"https:\/\/glnat.com\/wp-content\/uploads\/2026\/01\/FV2000-Robot-Mower-RTK-Mowing-Smart-1767539063.mp4\" type=\"video\/mp4\">\r\n                    <\/video>\r\n                <\/div>\r\n                <div class=\"case-info\">\r\n                    <h3 class=\"case-title\"><a href=\"https:\/\/glnat.com\/es\/case\/fv2000-robot-mower-rtk-mowing-smart-obstacle-detection\/\">Robot cortac\u00e9sped FV2000 | RTK Siega - Detecci\u00f3n inteligente de obst\u00e1culos<\/a><\/h3>\r\n                    <div class=\"case-desc\">Conozca el FV2000, dise\u00f1ado para la siega en el mundo real, donde la precisi\u00f3n y el conocimiento son importantes. Con posicionamiento RTK avanzado y un potente sistema de visi\u00f3n de doble c\u00e1mara, ofrece una navegaci\u00f3n estable incluso bajo los \u00e1rboles y reacciona r\u00e1pidamente ante peque\u00f1os obst\u00e1culos, como mascotas y animales salvajes. El FV2000 se adapta a jardines, patios traseros y parques con facilidad, ofreciendo: - Estabilidad RTK avanzada para zonas sombreadas o dif\u00edciles - R\u00e1pida evitaci\u00f3n de obst\u00e1culos con visi\u00f3n RGB + est\u00e9reo - Reconocimiento inteligente de l\u00edmites para una siega m\u00e1s limpia y precisa - Algoritmo de siega opcional de s\u00f3lo visi\u00f3n para un funcionamiento flexible Inteligente, preciso y listo para el cuidado diario del c\u00e9sped.<\/div>\r\n                <\/div>\r\n            <\/div>\r\n            <div class=\"case-card\">\r\n                <div class=\"case-video-wrapper\">\r\n                    <video controls preload=\"metadata\" >\r\n                        <source src=\"https:\/\/glnat.com\/wp-content\/uploads\/2026\/01\/YTDown.com_YouTube_Real-Experience-from-Austria-Why-Users-C_Media_M8WzNqQfsZ8_002_720p-1767538644.mp4\" type=\"video\/mp4\">\r\n                    <\/video>\r\n                <\/div>\r\n                <div class=\"case-info\">\r\n                    <h3 class=\"case-title\"><a href=\"https:\/\/glnat.com\/es\/case\/real-experience-from-austria-why-users-choose-the-paintmaster-mini\/\">Experiencia real de Austria: Por qu\u00e9 los usuarios eligen el PaintMaster Mini<\/a><\/h3>\r\n                    <div class=\"case-desc\">En toda Europa, muchos equipos de campo buscan formas de mejorar el mantenimiento de los terrenos de juego sin aumentar el tiempo ni la mano de obra. En el v\u00eddeo de hoy, recogemos la experiencia de un organizador de f\u00fatbol austriaco que ha estado trabajando con el PaintMaster Mini de forma regular. Nos habla de lo que realmente importa en la preparaci\u00f3n de un d\u00eda de partido: - una calidad de l\u00ednea consistente y limpia - una m\u00e1quina f\u00e1cil de usar para los voluntarios - un tiempo de marcado reducido - un rendimiento fiable semana tras semana Este testimonio ofrece una visi\u00f3n honesta de c\u00f3mo el PaintMaster Mini encaja en la rutina diaria de un club de f\u00fatbol t\u00edpico en Austria, y por qu\u00e9 sigue gan\u00e1ndose la confianza de los usuarios locales.<\/div>\r\n                <\/div>\r\n            <\/div>\r\n            <div class=\"case-card\">\r\n                <div class=\"case-video-wrapper\">\r\n                    <video controls preload=\"metadata\" >\r\n                        <source src=\"https:\/\/glnat.com\/wp-content\/uploads\/2026\/01\/YTDown.com_YouTube_PaintMaster-Mini-in-Action-Fast-Lines-1767538535.mp4\" type=\"video\/mp4\">\r\n                    <\/video>\r\n                <\/div>\r\n                <div class=\"case-info\">\r\n                    <h3 class=\"case-title\"><a href=\"https:\/\/glnat.com\/es\/case\/paintmaster-mini-in-action-fast-lines-for-a-fast-city\/\">PaintMaster Mini en acci\u00f3n: L\u00edneas r\u00e1pidas para una ciudad r\u00e1pida<\/a><\/h3>\r\n                    <div class=\"case-desc\">Los campos deportivos de Hong Kong funcionan con horarios ajustados, como los de cualquier gran ciudad del mundo. Ah\u00ed es donde el trazado aut\u00f3nomo de l\u00edneas aporta verdadera eficiencia. Con RTK de calidad industrial, cada l\u00ednea se coloca con precisi\u00f3n centim\u00e9trica incluso en zonas urbanas densas. Un marcador de puntos manual construye mapas en cuesti\u00f3n de minutos, sin necesidad de mover el robot por diferentes emplazamientos. El marcaje controlado por IA ahorra m\u00e1s del 90% de mano de obra y reduce el uso de pintura a m\u00e1s de la mitad. Una sola carga cubre un campo de f\u00fatbol de 11v11 completo, y los r\u00e1pidos cambios de bater\u00eda mantienen al robot en funcionamiento durante todo el d\u00eda. Precisi\u00f3n, velocidad y uniformidad. Marcaje moderno para una ciudad en constante movimiento.<\/div>\r\n                <\/div>\r\n            <\/div>\r\n            <div class=\"case-card\">\r\n                <div class=\"case-video-wrapper\">\r\n                    <video controls preload=\"metadata\" >\r\n                        <source src=\"https:\/\/glnat.com\/wp-content\/uploads\/2026\/01\/PaintMaster\u2122-Mini-Marks-a-11V11-Football-Pitch-FJDynamics-1767538416.mp4\" type=\"video\/mp4\">\r\n                    <\/video>\r\n                <\/div>\r\n                <div class=\"case-info\">\r\n                    <h3 class=\"case-title\"><a href=\"https:\/\/glnat.com\/es\/case\/paintmaster-mini-marks-a-11v11-football-pitch\/\">PaintMaster\u2122 Mini marca un campo de f\u00fatbol 11V11<\/a><\/h3>\r\n                    <div class=\"case-desc\">PaintMaster\u2122 Mini demuestra que el tama\u00f1o no es una limitaci\u00f3n. Con una sola carga completa, puede marcar las l\u00edneas de un campo de f\u00fatbol 11v11 completo, desde las l\u00edneas de banda hasta el c\u00edrculo central, ofreciendo resultados limpios y uniformes en una pasada continua. Dise\u00f1ado para ser eficiente y f\u00e1cil de usar, su formato compacto lo hace muy adecuado para escuelas, campos de entrenamiento e instalaciones deportivas comunitarias que requieren un marcaje de calidad profesional con una configuraci\u00f3n m\u00ednima.<\/div>\r\n                <\/div>\r\n            <\/div><\/div><\/div>\n\t\t\t\t\t\t<\/div>\n\t\t\t\t<\/div>\n\t\t\t\t\t<\/div>\n\t\t\t\t<\/div>\n\t\t\t\t<\/div>","protected":false},"excerpt":{"rendered":"<p>Customer Cases Home Customer Cases Proven Solutions &amp; Stories Stories of Success &amp; Growth<\/p>","protected":false},"author":1,"featured_media":0,"parent":0,"menu_order":0,"comment_status":"closed","ping_status":"closed","template":"elementor_header_footer","meta":{"_acf_changed":false,"footnotes":""},"class_list":["post-749","page","type-page","status-publish","hentry"],"acf":[],"_links":{"self":[{"href":"https:\/\/glnat.com\/es\/wp-json\/wp\/v2\/pages\/749","targetHints":{"allow":["GET"]}}],"collection":[{"href":"https:\/\/glnat.com\/es\/wp-json\/wp\/v2\/pages"}],"about":[{"href":"https:\/\/glnat.com\/es\/wp-json\/wp\/v2\/types\/page"}],"author":[{"embeddable":true,"href":"https:\/\/glnat.com\/es\/wp-json\/wp\/v2\/users\/1"}],"replies":[{"embeddable":true,"href":"https:\/\/glnat.com\/es\/wp-json\/wp\/v2\/comments?post=749"}],"version-history":[{"count":31,"href":"https:\/\/glnat.com\/es\/wp-json\/wp\/v2\/pages\/749\/revisions"}],"predecessor-version":[{"id":3755,"href":"https:\/\/glnat.com\/es\/wp-json\/wp\/v2\/pages\/749\/revisions\/3755"}],"wp:attachment":[{"href":"https:\/\/glnat.com\/es\/wp-json\/wp\/v2\/media?parent=749"}],"curies":[{"name":"wp","href":"https:\/\/api.w.org\/{rel}","templated":true}]}}